{"id":13657,"date":"2018-05-30T09:17:04","date_gmt":"2018-05-30T09:17:04","guid":{"rendered":"http:\/\/www.giduasociacija.lv\/sikdatnu-izmantosanas-noteikumi\/"},"modified":"2019-02-19T08:45:50","modified_gmt":"2019-02-19T08:45:50","slug":"cookie-usage-terms","status":"publish","type":"page","link":"https:\/\/www.giduasociacija.lv\/en\/cookie-usage-terms\/","title":{"rendered":"Cookie usage terms"},"content":{"rendered":"<p><span style=\"color: #000000; font-size: 18px;\"><strong>S\u012bkdat\u0146u izmanto\u0161ana<br \/>\n<\/strong><\/span><span style=\"color: #000000;\">Inform\u0113jam, ka giduasociacija.lv t\u012bmek\u013ca vietn\u0113 tiek izmantotas s\u012bkdatnes, lai var\u0113tu uzlabot vietnes lieto\u0161anas pieredzi un funkcionalit\u0101ti, nodro\u0161in\u0101t t\u0101s darb\u012bbu. Aicin\u0101m iepaz\u012bties ar pla\u0161\u0101ku inform\u0101ciju par m\u016bsu vietn\u0113 izmantotaj\u0101m s\u012bkdatn\u0113m zem\u0101k.<\/span><\/p>\n<p style=\"text-align: left;\"><span style=\"color: #000000; font-size: 17px;\"><strong>Kas ir s\u012bkdatnes?<\/strong><\/span><\/p>\n<p><span style=\"color: #000000;\">S\u012bkdatnes ir s\u012bkas teksta datnes, kuras t\u012bmek\u013ca p\u0101rl\u016bkprogramma (piem\u0113ram, Internet Explorer, Firexox, Safari u.c.) saglab\u0101 Tav\u0101 galiek\u0101rt\u0101 (dator\u0101, mobilaj\u0101 t\u0101lrun\u012b, plan\u0161et\u0113), lai identific\u0113tu p\u0101rl\u016bkprogrammu vai p\u0101rl\u016bkprogramm\u0101 saglab\u0101tu inform\u0101ciju vai iestat\u012bjumus. T\u0101d\u0113j\u0101di ar s\u012bkdat\u0146u pal\u012bdz\u012bbu t\u012bmek\u013ca vietne ieg\u016bst sp\u0113ju saglab\u0101t lietot\u0101ja individu\u0101los iestat\u012bjumus, atpaz\u012bt vi\u0146u un atbilsto\u0161i rea\u0123\u0113t. Tu vari atsp\u0113jot vai ierobe\u017eot s\u012bkdat\u0146u izmanto\u0161anu, ta\u010du bez s\u012bkdatn\u0113m var neb\u016bt iesp\u0113jams pilnv\u0113rt\u012bgi izmantot visas vietnes funkcijas.<\/span><\/p>\n<p style=\"text-align: left;\"><span style=\"color: #000000; font-size: 17px;\"><strong>K\u0101das s\u012bkdatnes un k\u0101diem m\u0113r\u0137iem m\u0113s izmantojam?<\/strong><\/span><\/p>\n<p><span style=\"color: #000000;\">Atkar\u012bb\u0101 no veicamaj\u0101m funkcij\u0101m un izmanto\u0161anas m\u0113r\u0137a ir da\u017e\u0101das s\u012bkdatnes, ko apkopojam un izmantojam \u0161aj\u0101 t\u012bmek\u013ca vietn\u0113.<\/span><\/p>\n<p><em><span style=\"color: #000000;\">Noteikti nepiecie\u0161am\u0101s s\u012bkdatnes<\/span><\/em><\/p>\n<p><span style=\"color: #000000;\">\u0160\u012bs s\u012bkdatnes nepiecie\u0161amas, lai Tu var\u0113tu br\u012bvi apmekl\u0113t un p\u0101rl\u016bkot t\u012bmek\u013ca vietni un izmantot t\u0101s pied\u0101v\u0101t\u0101s iesp\u0113jas, taj\u0101 skait\u0101 ieg\u016bt inform\u0101ciju par pakalpojumiem un ieg\u0101d\u0101ties tos, un m\u0113s \u2013 izpild\u012bt Tavus inici\u0113tos piepras\u012bjumus. \u0160\u012bs s\u012bkdatnes identific\u0113 Tavu iek\u0101rtu, ta\u010du neizpau\u017e Tavu identit\u0101ti, k\u0101 ar\u012b t\u0101s nev\u0101c un neapkopo inform\u0101ciju. Bez \u0161\u012bm s\u012bkdatn\u0113m t\u012bmek\u013ca vietne nevar\u0113s pilnv\u0113rt\u012bgi darboties, piem\u0113ram, sniegt Tev nepiecie\u0161amo inform\u0101ciju, nodro\u0161in\u0101t piepras\u012btos pakalpojumus e-veikal\u0101 vai noskat\u012bties piepras\u012bto video.\u00a0<\/span><\/p>\n<p><span style=\"color: #000000;\">\u0160\u012bs s\u012bkdatnes tiek glab\u0101tas Tav\u0101 iek\u0101rt\u0101 l\u012bdz br\u012bdim, kad tiek aizv\u0113rta t\u012bmek\u013ca p\u0101rl\u016bkprogramma. Saska\u0146\u0101 ar Inform\u0101cijas sabiedr\u012bbas pakalpojumu likumu noteikti nepiecie\u0161am\u0101s s\u012bkdatnes izvietojas autom\u0101tiski. Ja tom\u0113r, izmantojot p\u0101rl\u016bkprogrammu nodro\u0161in\u0101t\u0101s iesp\u0113jas, Tu izv\u0113l\u0113sies t\u0101s atsp\u0113jot, \u0146em v\u0113r\u0101 \u2013 t\u012bmek\u013ca vietne nevar\u0113s darboties pilnv\u0113rt\u012bgi.<\/span><\/p>\n<p><em><span style=\"color: #000000;\">Funkcion\u0101l\u0101s s\u012bkdatnes<\/span><\/em><\/p>\n<p><span style=\"color: #000000;\">Ar funkcion\u0101laj\u0101m s\u012bkdatn\u0113m vietne atceras Tavus izv\u0113l\u0113tos uzst\u0101d\u012bjumus un veikt\u0101s izv\u0113les, lai v\u0113l\u0101k Tu var\u0113tu \u0113rt\u0101k lietot vietni. \u0160\u012bs s\u012bkdatnes glab\u0101jas Tav\u0101 iek\u0101rt\u0101 past\u0101v\u012bgi.<\/span><\/p>\n<p><em><span style=\"color: #000000;\">Anal\u012btisk\u0101s s\u012bkdatnes<\/span><\/em><\/p>\n<p><span style=\"color: #000000;\">Anal\u012btisk\u0101s s\u012bkdatnes apkopo inform\u0101ciju, k\u0101 Tu lieto t\u012bmek\u013ca vietni, konstat\u0113 bie\u017e\u0101k apmekl\u0113t\u0101s sada\u013cas, ieskaitot saturu, kuru Tu izv\u0113lies, p\u0101rl\u016bkojot vietni. Inform\u0101cija tiek lietota anal\u012bzes nol\u016bkos, lai noskaidrotu, kas interes\u0113 vietnes lietot\u0101jus, un var\u0113tu uzlabot vietnes funkcionalit\u0101ti, padar\u012bt to \u0113rt\u0101k lietojamu. Anal\u012btisk\u0101s s\u012bkdatnes identific\u0113 tikai Tavu iek\u0101rtu, ta\u010du neizpau\u017e Tavu identit\u0101ti.\u00a0<\/span><\/p>\n<p><span style=\"color: #000000;\">Atsevi\u0161\u0137os gad\u012bjumos da\u017eas no anal\u012btiskaj\u0101m s\u012bkdatn\u0113m m\u016bsu viet\u0101 saska\u0146\u0101 ar m\u016bsu nor\u0101d\u012bjumiem un tikai atbilsto\u0161i nor\u0101d\u012btajiem m\u0113r\u0137iem p\u0101rvalda tre\u0161\u0101s personas, piem\u0113ram, Google Analytics, Facebook.<\/span><\/p>\n<p><em><span style=\"color: #000000;\">M\u0113r\u0137a (rekl\u0101mas) s\u012bkdatnes<\/span><\/em><\/p>\n<p><span style=\"color: #000000;\">M\u0113r\u0137a (rekl\u0101mas) s\u012bkdatnes izmantojam, lai apkopotu inform\u0101ciju par Tav\u0101m apmekl\u0113taj\u0101m t\u012bmek\u013ca vietn\u0113m un pied\u0101v\u0101tu tie\u0161i Tev interes\u0113jo\u0161us m\u016bsu vai sadarb\u012bbas partneru pakalpojumus vai adres\u0113tu Tavai izr\u0101d\u012btajai interesei atbilsto\u0161us pied\u0101v\u0101jumus. Parasti \u0161\u012bs s\u012bkdatnes ar m\u016bsu at\u013cauju atbilsto\u0161i nor\u0101d\u012btajiem m\u0113r\u0137iem izvieto tre\u0161\u0101s personas, piem\u0113ram, Google AdWords, Facebook. M\u0113r\u0137a s\u012bkdatnes Tav\u0101 galiek\u0101rt\u0101 tiek uzglab\u0101tas past\u0101v\u012bgi.<\/span><\/p>\n<p><span style=\"color: #000000; font-size: 17px;\"><strong>S\u012bkdat\u0146u apstiprin\u0101\u0161ana un atsp\u0113ko\u0161ana<\/strong><\/span><\/p>\n<p><span style=\"color: #000000;\">Apmekl\u0113jot m\u016bsu t\u012bmek\u013ca vietni, Tev tika att\u0113lots logs ar zi\u0146ojumu par to, ka tiek izmantotas s\u012bkdatnes. Nospie\u017eot \"Piekr\u012btu\", Tu apstiprin\u0101si, ka esi iepazinies ar inform\u0101ciju par s\u012bkdatn\u0113m un to izmanto\u0161anas m\u0113r\u0137iem m\u016bsu lap\u0101.<\/span><\/p>\n<p><span style=\"color: #000000;\">Ikvienas t\u012bmek\u013ca p\u0101rl\u016bkprogrammas dro\u0161\u012bbas iestat\u012bjumos iesp\u0113jama s\u012bkdat\u0146u ierobe\u017eo\u0161ana un dz\u0113\u0161ana. Tom\u0113r \u0146em v\u0113r\u0101 \u2013 ja izv\u0113l\u0113sies atsp\u0113jot noteikti nepiecie\u0161am\u0101s s\u012bkdatnes, t\u012bmek\u013ca vietne nevar\u0113s darboties pilnv\u0113rt\u012bgi.<\/span><\/p>\n","protected":false},"excerpt":{"rendered":"<p>S\u012bkdat\u0146u izmanto\u0161ana Inform\u0113jam, ka giduasociacija.lv t\u012bmek\u013ca vietn\u0113 tiek izmantotas s\u012bkdatnes, lai var\u0113tu uzlabot vietnes lieto\u0161anas pieredzi un funkcionalit\u0101ti, nodro\u0161in\u0101t t\u0101s darb\u012bbu. Aicin\u0101m iepaz\u012bties ar pla\u0161\u0101ku inform\u0101ciju par m\u016bsu vietn\u0113 izmantotaj\u0101m s\u012bkdatn\u0113m zem\u0101k. Kas ir s\u012bkdatnes? S\u012bkdatnes ir s\u012bkas teksta datnes, kuras t\u012bmek\u013ca p\u0101rl\u016bkprogramma (piem\u0113ram, Internet Explorer, Firexox, Safari u.c.) saglab\u0101 Tav\u0101 galiek\u0101rt\u0101 (dator\u0101, mobilaj\u0101 t\u0101lrun\u012b, [&hellip;]<\/p>\n","protected":false},"author":1,"featured_media":0,"parent":0,"menu_order":0,"comment_status":"closed","ping_status":"closed","template":"","meta":{"footnotes":""},"class_list":["post-13657","page","type-page","status-publish","hentry","post-wrapper"],"aioseo_notices":[],"_links":{"self":[{"href":"https:\/\/www.giduasociacija.lv\/en\/wp-json\/wp\/v2\/pages\/13657","targetHints":{"allow":["GET"]}}],"collection":[{"href":"https:\/\/www.giduasociacija.lv\/en\/wp-json\/wp\/v2\/pages"}],"about":[{"href":"https:\/\/www.giduasociacija.lv\/en\/wp-json\/wp\/v2\/types\/page"}],"author":[{"embeddable":true,"href":"https:\/\/www.giduasociacija.lv\/en\/wp-json\/wp\/v2\/users\/1"}],"replies":[{"embeddable":true,"href":"https:\/\/www.giduasociacija.lv\/en\/wp-json\/wp\/v2\/comments?post=13657"}],"version-history":[{"count":1,"href":"https:\/\/www.giduasociacija.lv\/en\/wp-json\/wp\/v2\/pages\/13657\/revisions"}],"predecessor-version":[{"id":13658,"href":"https:\/\/www.giduasociacija.lv\/en\/wp-json\/wp\/v2\/pages\/13657\/revisions\/13658"}],"wp:attachment":[{"href":"https:\/\/www.giduasociacija.lv\/en\/wp-json\/wp\/v2\/media?parent=13657"}],"curies":[{"name":"wp","href":"https:\/\/api.w.org\/{rel}","templated":true}]}}